{"id":43,"date":"2024-02-24T00:26:09","date_gmt":"2024-02-23T23:26:09","guid":{"rendered":"https:\/\/chudyit.pl\/?page_id=43"},"modified":"2024-04-16T13:20:26","modified_gmt":"2024-04-16T11:20:26","slug":"strona-glowna","status":"publish","type":"page","link":"https:\/\/chudyit.pl\/","title":{"rendered":"Strona g\u0142\u00f3wna"},"content":{"rendered":"\n<div class=\"wp-block-group is-content-justification-center is-nowrap is-layout-flex wp-container-core-group-is-layout-94bc23d7 wp-block-group-is-layout-flex\">\n<figure class=\"wp-block-image size-full is-resized is-style-rounded\"><img fetchpriority=\"high\" decoding=\"async\" width=\"1024\" height=\"1024\" src=\"https:\/\/chudyit.pl\/wp-content\/uploads\/2024\/03\/pixlr-image-generator-d0c009f0-5429-4b48-a9bf-5e4fe0969e66.png\" alt=\"\" class=\"wp-image-140\" style=\"width:257px;height:auto\" srcset=\"https:\/\/chudyit.pl\/wp-content\/uploads\/2024\/03\/pixlr-image-generator-d0c009f0-5429-4b48-a9bf-5e4fe0969e66.png 1024w, https:\/\/chudyit.pl\/wp-content\/uploads\/2024\/03\/pixlr-image-generator-d0c009f0-5429-4b48-a9bf-5e4fe0969e66-300x300.png 300w, https:\/\/chudyit.pl\/wp-content\/uploads\/2024\/03\/pixlr-image-generator-d0c009f0-5429-4b48-a9bf-5e4fe0969e66-150x150.png 150w, https:\/\/chudyit.pl\/wp-content\/uploads\/2024\/03\/pixlr-image-generator-d0c009f0-5429-4b48-a9bf-5e4fe0969e66-768x768.png 768w, https:\/\/chudyit.pl\/wp-content\/uploads\/2024\/03\/pixlr-image-generator-d0c009f0-5429-4b48-a9bf-5e4fe0969e66-100x100.png 100w\" sizes=\"(max-width: 1024px) 100vw, 1024px\" \/><\/figure>\n\n\n\n<figure class=\"wp-block-image size-full is-resized\"><img decoding=\"async\" width=\"300\" height=\"300\" src=\"https:\/\/chudyit.pl\/wp-content\/uploads\/2024\/04\/NAKLEJKA-300x300-002.jpg\" alt=\"\" class=\"wp-image-159\" style=\"width:257px\" srcset=\"https:\/\/chudyit.pl\/wp-content\/uploads\/2024\/04\/NAKLEJKA-300x300-002.jpg 300w, https:\/\/chudyit.pl\/wp-content\/uploads\/2024\/04\/NAKLEJKA-300x300-002-150x150.jpg 150w, https:\/\/chudyit.pl\/wp-content\/uploads\/2024\/04\/NAKLEJKA-300x300-002-100x100.jpg 100w\" sizes=\"(max-width: 300px) 100vw, 300px\" \/><\/figure>\n<\/div>\n\n\n\n<p class=\"has-text-align-left\">Nasza firma specjalizuje si\u0119 w dostarczaniu kompleksowych rozwi\u0105za\u0144 informatycznych, kt\u00f3re s\u0105 idealnie dopasowane do potrzeb ka\u017cdego klienta. Dzi\u0119ki naszemu bogatemu do\u015bwiadczeniu i ekspertyzie w dziedzinie technologii informacyjnych, jeste\u015bmy w stanie zapewni\u0107 najnowsze rozwi\u0105zania oraz skuteczne strategie, kt\u00f3re pomog\u0105 Ci odnie\u015b\u0107 sukces w dzisiejszym cyfrowym \u015bwiecie.<\/p>\n\n\n\n<p class=\"has-text-align-left\">Jako partner w dziedzinie technologii informacyjnych, chcemy wsp\u00f3lnie rozwija\u0107 Twoj\u0105 firm\u0119 i sprosta\u0107 Twoim najwi\u0119kszym wyzwaniom. Nasza firma jest gotowa zapewni\u0107 Ci najwy\u017csz\u0105 jako\u015b\u0107 us\u0142ug informatycznych i pom\u00f3c Ci osi\u0105gn\u0105\u0107 zamierzone cele. Skontaktuj si\u0119 z nami ju\u017c dzi\u015b i przekonaj si\u0119, dlaczego warto wybra\u0107 nasz\u0105 firm\u0119 jako swojego partnera technologicznego. <\/p>\n\n\n\n<p class=\"has-text-align-left\">Dzia\u0142amy z pasj\u0105 i zaanga\u017cowaniem, dbaj\u0105c o ka\u017cdy szczeg\u00f3\u0142 i indywidualne potrzeby naszych klient\u00f3w. Zaufaj nam i razem stworzymy innowacyjne rozwi\u0105zania, kt\u00f3re pozwol\u0105 Ci osi\u0105gn\u0105\u0107 sukces na rynku. Jeste\u015bmy tu po to, aby wesprze\u0107 Ci\u0119 w ka\u017cdym kroku i zapewni\u0107 Ci kompleksowe wsparcie technologiczne. Osi\u0105gnij swoje cele z nami &#8211; skontaktuj si\u0119 ju\u017c dzi\u015b!<\/p>\n\n\n \n","protected":false},"excerpt":{"rendered":"<p>Nasza firma specjalizuje si\u0119 w dostarczaniu kompleksowych rozwi\u0105za\u0144 informatycznych, kt\u00f3re s\u0105 idealnie dopasowane do potrzeb ka\u017cdego klienta. Dzi\u0119ki naszemu bogatemu do\u015bwiadczeniu i ekspertyzie w dziedzinie technologii informacyjnych, jeste\u015bmy w stanie zapewni\u0107 najnowsze rozwi\u0105zania oraz skuteczne strategie, kt\u00f3re pomog\u0105 Ci odnie\u015b\u0107 sukces w dzisiejszym cyfrowym \u015bwiecie. Jako partner w dziedzinie technologii informacyjnych, chcemy wsp\u00f3lnie rozwija\u0107 Twoj\u0105 [&hellip;]<\/p>\n","protected":false},"author":1,"featured_media":0,"parent":0,"menu_order":0,"comment_status":"closed","ping_status":"closed","template":"","meta":{"footnotes":""},"class_list":["post-43","page","type-page","status-publish","hentry"],"yoast_head":"<!-- This site is optimized with the Yoast SEO plugin v27.5 - https:\/\/yoast.com\/product\/yoast-seo-wordpress\/ -->\n<title>Strona g\u0142\u00f3wna - Us\u0142ugi Informatyczne &quot;Chudy&quot; Daniel Chudzi\u0144ski<\/title>\n<meta name=\"robots\" content=\"index, follow, max-snippet:-1, max-image-preview:large, max-video-preview:-1\" \/>\n<link rel=\"canonical\" href=\"https:\/\/chudyit.pl\/\" \/>\n<meta property=\"og:locale\" content=\"pl_PL\" \/>\n<meta property=\"og:type\" content=\"article\" \/>\n<meta property=\"og:title\" content=\"Strona g\u0142\u00f3wna - Us\u0142ugi Informatyczne &quot;Chudy&quot; Daniel Chudzi\u0144ski\" \/>\n<meta property=\"og:description\" content=\"Nasza firma specjalizuje si\u0119 w dostarczaniu kompleksowych rozwi\u0105za\u0144 informatycznych, kt\u00f3re s\u0105 idealnie dopasowane do potrzeb ka\u017cdego klienta. Dzi\u0119ki naszemu bogatemu do\u015bwiadczeniu i ekspertyzie w dziedzinie technologii informacyjnych, jeste\u015bmy w stanie zapewni\u0107 najnowsze rozwi\u0105zania oraz skuteczne strategie, kt\u00f3re pomog\u0105 Ci odnie\u015b\u0107 sukces w dzisiejszym cyfrowym \u015bwiecie. Jako partner w dziedzinie technologii informacyjnych, chcemy wsp\u00f3lnie rozwija\u0107 Twoj\u0105 [&hellip;]\" \/>\n<meta property=\"og:url\" content=\"https:\/\/chudyit.pl\/\" \/>\n<meta property=\"og:site_name\" content=\"Us\u0142ugi Informatyczne &quot;Chudy&quot; Daniel Chudzi\u0144ski\" \/>\n<meta property=\"article:modified_time\" content=\"2024-04-16T11:20:26+00:00\" \/>\n<meta property=\"og:image\" content=\"https:\/\/chudyit.pl\/wp-content\/uploads\/2024\/03\/pixlr-image-generator-d0c009f0-5429-4b48-a9bf-5e4fe0969e66.png\" \/>\n<meta name=\"twitter:card\" content=\"summary_large_image\" \/>\n<meta name=\"twitter:label1\" content=\"Szacowany czas czytania\" \/>\n\t<meta name=\"twitter:data1\" content=\"2 minuty\" \/>\n<script type=\"application\/ld+json\" class=\"yoast-schema-graph\">{\"@context\":\"https:\\\/\\\/schema.org\",\"@graph\":[{\"@type\":\"WebPage\",\"@id\":\"https:\\\/\\\/chudyit.pl\\\/\",\"url\":\"https:\\\/\\\/chudyit.pl\\\/\",\"name\":\"Strona g\u0142\u00f3wna - Us\u0142ugi Informatyczne &quot;Chudy&quot; Daniel Chudzi\u0144ski\",\"isPartOf\":{\"@id\":\"https:\\\/\\\/chudyit.pl\\\/#website\"},\"primaryImageOfPage\":{\"@id\":\"https:\\\/\\\/chudyit.pl\\\/#primaryimage\"},\"image\":{\"@id\":\"https:\\\/\\\/chudyit.pl\\\/#primaryimage\"},\"thumbnailUrl\":\"https:\\\/\\\/chudyit.pl\\\/wp-content\\\/uploads\\\/2024\\\/03\\\/pixlr-image-generator-d0c009f0-5429-4b48-a9bf-5e4fe0969e66.png\",\"datePublished\":\"2024-02-23T23:26:09+00:00\",\"dateModified\":\"2024-04-16T11:20:26+00:00\",\"breadcrumb\":{\"@id\":\"https:\\\/\\\/chudyit.pl\\\/#breadcrumb\"},\"inLanguage\":\"pl-PL\",\"potentialAction\":[{\"@type\":\"ReadAction\",\"target\":[\"https:\\\/\\\/chudyit.pl\\\/\"]}]},{\"@type\":\"ImageObject\",\"inLanguage\":\"pl-PL\",\"@id\":\"https:\\\/\\\/chudyit.pl\\\/#primaryimage\",\"url\":\"https:\\\/\\\/chudyit.pl\\\/wp-content\\\/uploads\\\/2024\\\/03\\\/pixlr-image-generator-d0c009f0-5429-4b48-a9bf-5e4fe0969e66.png\",\"contentUrl\":\"https:\\\/\\\/chudyit.pl\\\/wp-content\\\/uploads\\\/2024\\\/03\\\/pixlr-image-generator-d0c009f0-5429-4b48-a9bf-5e4fe0969e66.png\",\"width\":1024,\"height\":1024},{\"@type\":\"BreadcrumbList\",\"@id\":\"https:\\\/\\\/chudyit.pl\\\/#breadcrumb\",\"itemListElement\":[{\"@type\":\"ListItem\",\"position\":1,\"name\":\"Home\",\"item\":\"https:\\\/\\\/chudyit.pl\\\/\"},{\"@type\":\"ListItem\",\"position\":2,\"name\":\"Strona g\u0142\u00f3wna\"}]},{\"@type\":\"WebSite\",\"@id\":\"https:\\\/\\\/chudyit.pl\\\/#website\",\"url\":\"https:\\\/\\\/chudyit.pl\\\/\",\"name\":\"ChudyIT\",\"description\":\"Profesjonalna obs\u0142uga informatyczna Twojej firmy!\",\"publisher\":{\"@id\":\"https:\\\/\\\/chudyit.pl\\\/#organization\"},\"potentialAction\":[{\"@type\":\"SearchAction\",\"target\":{\"@type\":\"EntryPoint\",\"urlTemplate\":\"https:\\\/\\\/chudyit.pl\\\/?s={search_term_string}\"},\"query-input\":{\"@type\":\"PropertyValueSpecification\",\"valueRequired\":true,\"valueName\":\"search_term_string\"}}],\"inLanguage\":\"pl-PL\"},{\"@type\":\"Organization\",\"@id\":\"https:\\\/\\\/chudyit.pl\\\/#organization\",\"name\":\"Us\u0142ugi Informatyczne \\\"Chudy\\\" Daniel Chudzi\u0144ski\",\"url\":\"https:\\\/\\\/chudyit.pl\\\/\",\"logo\":{\"@type\":\"ImageObject\",\"inLanguage\":\"pl-PL\",\"@id\":\"https:\\\/\\\/chudyit.pl\\\/#\\\/schema\\\/logo\\\/image\\\/\",\"url\":\"https:\\\/\\\/chudyit.pl\\\/wp-content\\\/uploads\\\/2024\\\/02\\\/Uslugi-Informatyczna-Chudy.png\",\"contentUrl\":\"https:\\\/\\\/chudyit.pl\\\/wp-content\\\/uploads\\\/2024\\\/02\\\/Uslugi-Informatyczna-Chudy.png\",\"width\":500,\"height\":500,\"caption\":\"Us\u0142ugi Informatyczne \\\"Chudy\\\" Daniel Chudzi\u0144ski\"},\"image\":{\"@id\":\"https:\\\/\\\/chudyit.pl\\\/#\\\/schema\\\/logo\\\/image\\\/\"}}]}<\/script>\n<!-- \/ Yoast SEO plugin. -->","yoast_head_json":{"title":"Strona g\u0142\u00f3wna - Us\u0142ugi Informatyczne &quot;Chudy&quot; Daniel Chudzi\u0144ski","robots":{"index":"index","follow":"follow","max-snippet":"max-snippet:-1","max-image-preview":"max-image-preview:large","max-video-preview":"max-video-preview:-1"},"canonical":"https:\/\/chudyit.pl\/","og_locale":"pl_PL","og_type":"article","og_title":"Strona g\u0142\u00f3wna - Us\u0142ugi Informatyczne &quot;Chudy&quot; Daniel Chudzi\u0144ski","og_description":"Nasza firma specjalizuje si\u0119 w dostarczaniu kompleksowych rozwi\u0105za\u0144 informatycznych, kt\u00f3re s\u0105 idealnie dopasowane do potrzeb ka\u017cdego klienta. Dzi\u0119ki naszemu bogatemu do\u015bwiadczeniu i ekspertyzie w dziedzinie technologii informacyjnych, jeste\u015bmy w stanie zapewni\u0107 najnowsze rozwi\u0105zania oraz skuteczne strategie, kt\u00f3re pomog\u0105 Ci odnie\u015b\u0107 sukces w dzisiejszym cyfrowym \u015bwiecie. Jako partner w dziedzinie technologii informacyjnych, chcemy wsp\u00f3lnie rozwija\u0107 Twoj\u0105 [&hellip;]","og_url":"https:\/\/chudyit.pl\/","og_site_name":"Us\u0142ugi Informatyczne &quot;Chudy&quot; Daniel Chudzi\u0144ski","article_modified_time":"2024-04-16T11:20:26+00:00","og_image":[{"url":"https:\/\/chudyit.pl\/wp-content\/uploads\/2024\/03\/pixlr-image-generator-d0c009f0-5429-4b48-a9bf-5e4fe0969e66.png","type":"","width":"","height":""}],"twitter_card":"summary_large_image","twitter_misc":{"Szacowany czas czytania":"2 minuty"},"schema":{"@context":"https:\/\/schema.org","@graph":[{"@type":"WebPage","@id":"https:\/\/chudyit.pl\/","url":"https:\/\/chudyit.pl\/","name":"Strona g\u0142\u00f3wna - Us\u0142ugi Informatyczne &quot;Chudy&quot; Daniel Chudzi\u0144ski","isPartOf":{"@id":"https:\/\/chudyit.pl\/#website"},"primaryImageOfPage":{"@id":"https:\/\/chudyit.pl\/#primaryimage"},"image":{"@id":"https:\/\/chudyit.pl\/#primaryimage"},"thumbnailUrl":"https:\/\/chudyit.pl\/wp-content\/uploads\/2024\/03\/pixlr-image-generator-d0c009f0-5429-4b48-a9bf-5e4fe0969e66.png","datePublished":"2024-02-23T23:26:09+00:00","dateModified":"2024-04-16T11:20:26+00:00","breadcrumb":{"@id":"https:\/\/chudyit.pl\/#breadcrumb"},"inLanguage":"pl-PL","potentialAction":[{"@type":"ReadAction","target":["https:\/\/chudyit.pl\/"]}]},{"@type":"ImageObject","inLanguage":"pl-PL","@id":"https:\/\/chudyit.pl\/#primaryimage","url":"https:\/\/chudyit.pl\/wp-content\/uploads\/2024\/03\/pixlr-image-generator-d0c009f0-5429-4b48-a9bf-5e4fe0969e66.png","contentUrl":"https:\/\/chudyit.pl\/wp-content\/uploads\/2024\/03\/pixlr-image-generator-d0c009f0-5429-4b48-a9bf-5e4fe0969e66.png","width":1024,"height":1024},{"@type":"BreadcrumbList","@id":"https:\/\/chudyit.pl\/#breadcrumb","itemListElement":[{"@type":"ListItem","position":1,"name":"Home","item":"https:\/\/chudyit.pl\/"},{"@type":"ListItem","position":2,"name":"Strona g\u0142\u00f3wna"}]},{"@type":"WebSite","@id":"https:\/\/chudyit.pl\/#website","url":"https:\/\/chudyit.pl\/","name":"ChudyIT","description":"Profesjonalna obs\u0142uga informatyczna Twojej firmy!","publisher":{"@id":"https:\/\/chudyit.pl\/#organization"},"potentialAction":[{"@type":"SearchAction","target":{"@type":"EntryPoint","urlTemplate":"https:\/\/chudyit.pl\/?s={search_term_string}"},"query-input":{"@type":"PropertyValueSpecification","valueRequired":true,"valueName":"search_term_string"}}],"inLanguage":"pl-PL"},{"@type":"Organization","@id":"https:\/\/chudyit.pl\/#organization","name":"Us\u0142ugi Informatyczne \"Chudy\" Daniel Chudzi\u0144ski","url":"https:\/\/chudyit.pl\/","logo":{"@type":"ImageObject","inLanguage":"pl-PL","@id":"https:\/\/chudyit.pl\/#\/schema\/logo\/image\/","url":"https:\/\/chudyit.pl\/wp-content\/uploads\/2024\/02\/Uslugi-Informatyczna-Chudy.png","contentUrl":"https:\/\/chudyit.pl\/wp-content\/uploads\/2024\/02\/Uslugi-Informatyczna-Chudy.png","width":500,"height":500,"caption":"Us\u0142ugi Informatyczne \"Chudy\" Daniel Chudzi\u0144ski"},"image":{"@id":"https:\/\/chudyit.pl\/#\/schema\/logo\/image\/"}}]}},"_links":{"self":[{"href":"https:\/\/chudyit.pl\/index.php?rest_route=\/wp\/v2\/pages\/43","targetHints":{"allow":["GET"]}}],"collection":[{"href":"https:\/\/chudyit.pl\/index.php?rest_route=\/wp\/v2\/pages"}],"about":[{"href":"https:\/\/chudyit.pl\/index.php?rest_route=\/wp\/v2\/types\/page"}],"author":[{"embeddable":true,"href":"https:\/\/chudyit.pl\/index.php?rest_route=\/wp\/v2\/users\/1"}],"replies":[{"embeddable":true,"href":"https:\/\/chudyit.pl\/index.php?rest_route=%2Fwp%2Fv2%2Fcomments&post=43"}],"version-history":[{"count":30,"href":"https:\/\/chudyit.pl\/index.php?rest_route=\/wp\/v2\/pages\/43\/revisions"}],"predecessor-version":[{"id":188,"href":"https:\/\/chudyit.pl\/index.php?rest_route=\/wp\/v2\/pages\/43\/revisions\/188"}],"wp:attachment":[{"href":"https:\/\/chudyit.pl\/index.php?rest_route=%2Fwp%2Fv2%2Fmedia&parent=43"}],"curies":[{"name":"wp","href":"https:\/\/api.w.org\/{rel}","templated":true}]}}